{"id":555,"date":"2022-09-07T10:39:39","date_gmt":"2022-09-07T10:39:39","guid":{"rendered":"https:\/\/holeckr19.sps-prosek.cz\/?page_id=555"},"modified":"2022-09-21T09:11:41","modified_gmt":"2022-09-21T09:11:41","slug":"kontakt","status":"publish","type":"page","link":"https:\/\/harrachov.ubytkoholecek.eu\/?page_id=555","title":{"rendered":"Kontakt"},"content":{"rendered":"\t\t<div data-elementor-type=\"wp-page\" data-elementor-id=\"555\" class=\"elementor elementor-555\">\n\t\t\t\t\t\t\t<div class=\"elementor-element elementor-element-cc00d50 e-container--column e-container\" data-id=\"cc00d50\" data-element_type=\"container\">\t\t\t\t<div class=\"elementor-element elementor-element-a1052bc elementor-widget elementor-widget-heading\" data-id=\"a1052bc\" data-element_type=\"widget\" data-widget_type=\"heading.default\">\n\t\t\t\t<div class=\"elementor-widget-container\">\n\t\t\t<style>\/*! elementor - v3.7.4 - 31-08-2022 *\/\n.elementor-heading-title{padding:0;margin:0;line-height:1}.elementor-widget-heading .elementor-heading-title[class*=elementor-size-]>a{color:inherit;font-size:inherit;line-height:inherit}.elementor-widget-heading .elementor-heading-title.elementor-size-small{font-size:15px}.elementor-widget-heading .elementor-heading-title.elementor-size-medium{font-size:19px}.elementor-widget-heading .elementor-heading-title.elementor-size-large{font-size:29px}.elementor-widget-heading .elementor-heading-title.elementor-size-xl{font-size:39px}.elementor-widget-heading .elementor-heading-title.elementor-size-xxl{font-size:59px}<\/style><h1 class=\"elementor-heading-title elementor-size-default\">Kontakt<\/h1>\t\t<\/div>\n\t\t\t\t<\/div>\n\t\t<\/div><div class=\"elementor-element elementor-element-827fbf6 e-container--row e-container\" data-id=\"827fbf6\" data-element_type=\"container\">\t\t<div class=\"elementor-element elementor-element-93cfe3b e-container--column e-container\" data-id=\"93cfe3b\" data-element_type=\"container\">\t\t\t\t<div class=\"elementor-element elementor-element-e21150f elementor-view-default elementor-widget elementor-widget-icon\" data-id=\"e21150f\" data-element_type=\"widget\" data-widget_type=\"icon.default\">\n\t\t\t\t<div class=\"elementor-widget-container\">\n\t\t\t\t\t<div class=\"elementor-icon-wrapper\">\n\t\t\t<div class=\"elementor-icon\">\n\t\t\t<i aria-hidden=\"true\" class=\"fas fa-phone-alt\"><\/i>\t\t\t<\/div>\n\t\t<\/div>\n\t\t\t\t<\/div>\n\t\t\t\t<\/div>\n\t\t\t\t<div class=\"elementor-element elementor-element-ca56afb elementor-widget elementor-widget-heading\" data-id=\"ca56afb\" data-element_type=\"widget\" data-widget_type=\"heading.default\">\n\t\t\t\t<div class=\"elementor-widget-container\">\n\t\t\t<h2 class=\"elementor-heading-title elementor-size-default\">CZ: +420 602 833 792\n<\/h2>\t\t<\/div>\n\t\t\t\t<\/div>\n\t\t\t\t<div class=\"elementor-element elementor-element-91405dd elementor-widget elementor-widget-heading\" data-id=\"91405dd\" data-element_type=\"widget\" data-widget_type=\"heading.default\">\n\t\t\t\t<div class=\"elementor-widget-container\">\n\t\t\t<h2 class=\"elementor-heading-title elementor-size-default\"><i class=\"fa-solid fa-language\"><\/i> +420 602 193 836\n<\/h2>\t\t<\/div>\n\t\t\t\t<\/div>\n\t\t<\/div><div class=\"elementor-element elementor-element-b909c75 e-container--column e-container\" data-id=\"b909c75\" data-element_type=\"container\">\t\t\t\t<div class=\"elementor-element elementor-element-c2af915 elementor-view-default elementor-widget elementor-widget-icon\" data-id=\"c2af915\" data-element_type=\"widget\" data-widget_type=\"icon.default\">\n\t\t\t\t<div class=\"elementor-widget-container\">\n\t\t\t\t\t<div class=\"elementor-icon-wrapper\">\n\t\t\t<div class=\"elementor-icon\">\n\t\t\t<i aria-hidden=\"true\" class=\"fas fa-envelope\"><\/i>\t\t\t<\/div>\n\t\t<\/div>\n\t\t\t\t<\/div>\n\t\t\t\t<\/div>\n\t\t\t\t<div class=\"elementor-element elementor-element-42bc0c7 elementor-widget elementor-widget-heading\" data-id=\"42bc0c7\" data-element_type=\"widget\" data-widget_type=\"heading.default\">\n\t\t\t\t<div class=\"elementor-widget-container\">\n\t\t\t<h2 class=\"elementor-heading-title elementor-size-default\">CZ: holacdan@seznam.cz<\/h2>\t\t<\/div>\n\t\t\t\t<\/div>\n\t\t\t\t<div class=\"elementor-element elementor-element-ee81c73 elementor-widget elementor-widget-heading\" data-id=\"ee81c73\" data-element_type=\"widget\" data-widget_type=\"heading.default\">\n\t\t\t\t<div class=\"elementor-widget-container\">\n\t\t\t<h2 class=\"elementor-heading-title elementor-size-default\"><i class=\"fa-solid fa-language\"><\/i> zubalikovam@seznam.cz<\/h2>\t\t<\/div>\n\t\t\t\t<\/div>\n\t\t<\/div><div class=\"elementor-element elementor-element-e0a8999 e-container--column e-container\" data-id=\"e0a8999\" data-element_type=\"container\">\t\t\t\t<div class=\"elementor-element elementor-element-bf84671 elementor-view-default elementor-widget elementor-widget-icon\" data-id=\"bf84671\" data-element_type=\"widget\" data-widget_type=\"icon.default\">\n\t\t\t\t<div class=\"elementor-widget-container\">\n\t\t\t\t\t<div class=\"elementor-icon-wrapper\">\n\t\t\t<div class=\"elementor-icon\">\n\t\t\t<i aria-hidden=\"true\" class=\"far fa-address-card\"><\/i>\t\t\t<\/div>\n\t\t<\/div>\n\t\t\t\t<\/div>\n\t\t\t\t<\/div>\n\t\t\t\t<div class=\"elementor-element elementor-element-d81c4d7 elementor-widget elementor-widget-heading\" data-id=\"d81c4d7\" data-element_type=\"widget\" data-widget_type=\"heading.default\">\n\t\t\t\t<div class=\"elementor-widget-container\">\n\t\t\t<h2 class=\"elementor-heading-title elementor-size-default\">Harrachov 13\n<\/h2>\t\t<\/div>\n\t\t\t\t<\/div>\n\t\t\t\t<div class=\"elementor-element elementor-element-d68b14a elementor-widget elementor-widget-heading\" data-id=\"d68b14a\" data-element_type=\"widget\" data-widget_type=\"heading.default\">\n\t\t\t\t<div class=\"elementor-widget-container\">\n\t\t\t<h2 class=\"elementor-heading-title elementor-size-default\">512 46 Harrachov\n<\/h2>\t\t<\/div>\n\t\t\t\t<\/div>\n\t\t<\/div><\/div><div class=\"elementor-element elementor-element-b556723 e-container--column e-container\" data-id=\"b556723\" data-element_type=\"container\">\t\t\t\t<div class=\"elementor-element elementor-element-a3d94b0 elementor-widget elementor-widget-google_maps\" data-id=\"a3d94b0\" data-element_type=\"widget\" data-widget_type=\"google_maps.default\">\n\t\t\t\t<div class=\"elementor-widget-container\">\n\t\t\t<style>\/*! elementor - v3.7.4 - 31-08-2022 *\/\n.elementor-widget-google_maps .elementor-widget-container{overflow:hidden}.elementor-widget-google_maps iframe{height:300px}<\/style>\t\t<div class=\"elementor-custom-embed\">\n\t\t\t<iframe frameborder=\"0\" scrolling=\"no\" marginheight=\"0\" marginwidth=\"0\"\n\t\t\t\t\tsrc=\"https:\/\/maps.google.com\/maps?q=Harrachov%2013%20chata%20u%20smrku&#038;t=m&#038;z=10&#038;output=embed&#038;iwloc=near\"\n\t\t\t\t\ttitle=\"Harrachov 13 chata u smrku\"\n\t\t\t\t\taria-label=\"Harrachov 13 chata u smrku\"\n\t\t\t><\/iframe>\n\t\t<\/div>\n\t\t\t\t<\/div>\n\t\t\t\t<\/div>\n\t\t<\/div><div class=\"elementor-element elementor-element-56c2b7b e-container--column e-container\" data-id=\"56c2b7b\" data-element_type=\"container\">\t\t\t\t<div class=\"elementor-element elementor-element-35c3ccd elementor-widget elementor-widget-wpforms\" data-id=\"35c3ccd\" data-element_type=\"widget\" data-widget_type=\"wpforms.default\">\n\t\t\t\t<div class=\"elementor-widget-container\">\n\t\t\t<div class=\"wpforms-container wpforms-container-full\" id=\"wpforms-1067\"><form id=\"wpforms-form-1067\" class=\"wpforms-validate wpforms-form wpforms-ajax-form\" data-formid=\"1067\" method=\"post\" enctype=\"multipart\/form-data\" action=\"\/index.php?rest_route=%2Fwp%2Fv2%2Fpages%2F555\" data-token=\"1b63b7ee272becab83d34df1f2368e71\"><div class=\"wpforms-head-container\"><div class=\"wpforms-title\">Napi\u0161te n\u00e1m<\/div><\/div><noscript class=\"wpforms-error-noscript\">Chcete-li vyplnit tento formul\u00e1\u0159, pros\u00edm povolte v prohl\u00ed\u017ee\u010di JavaScript.<\/noscript><div class=\"wpforms-field-container\"><div id=\"wpforms-1067-field_0-container\" class=\"wpforms-field wpforms-field-name\" data-field-id=\"0\"><label class=\"wpforms-field-label\" for=\"wpforms-1067-field_0\">Jm\u00e9no <span class=\"wpforms-required-label\">*<\/span><\/label><div class=\"wpforms-field-row wpforms-field-medium\"><div class=\"wpforms-field-row-block wpforms-first wpforms-one-half\"><input type=\"text\" id=\"wpforms-1067-field_0\" class=\"wpforms-field-name-first wpforms-field-required\" name=\"wpforms[fields][0][first]\" required><label for=\"wpforms-1067-field_0\" class=\"wpforms-field-sublabel after \">K\u0159estn\u00ed jm\u00e9no<\/label><\/div><div class=\"wpforms-field-row-block wpforms-one-half\"><input type=\"text\" id=\"wpforms-1067-field_0-last\" class=\"wpforms-field-name-last wpforms-field-required\" name=\"wpforms[fields][0][last]\" required><label for=\"wpforms-1067-field_0-last\" class=\"wpforms-field-sublabel after \">P\u0159\u00edjmen\u00ed<\/label><\/div><\/div><\/div><div id=\"wpforms-1067-field_1-container\" class=\"wpforms-field wpforms-field-email\" data-field-id=\"1\"><label class=\"wpforms-field-label\" for=\"wpforms-1067-field_1\">E-mail <span class=\"wpforms-required-label\">*<\/span><\/label><input type=\"email\" id=\"wpforms-1067-field_1\" class=\"wpforms-field-medium wpforms-field-required\" name=\"wpforms[fields][1]\" required><\/div><div id=\"wpforms-1067-field_2-container\" class=\"wpforms-field wpforms-field-textarea\" data-field-id=\"2\"><label class=\"wpforms-field-label\" for=\"wpforms-1067-field_2\">Koment\u00e1\u0159 nebo zpr\u00e1va<\/label><textarea id=\"wpforms-1067-field_2\" class=\"wpforms-field-medium\" name=\"wpforms[fields][2]\" ><\/textarea><\/div><\/div><div class=\"wpforms-submit-container\"><input type=\"hidden\" name=\"wpforms[id]\" value=\"1067\"><input type=\"hidden\" name=\"wpforms[author]\" value=\"1\"><button type=\"submit\" name=\"wpforms[submit]\" id=\"wpforms-submit-1067\" class=\"wpforms-submit\" data-alt-text=\"Odes\u00edl\u00e1ni...\" data-submit-text=\"Odeslat\" aria-live=\"assertive\" value=\"wpforms-submit\">Odeslat<\/button><img loading=\"lazy\" decoding=\"async\" src=\"https:\/\/harrachov.ubytkoholecek.eu\/wp-content\/plugins\/wpforms-lite\/assets\/images\/submit-spin.svg\" class=\"wpforms-submit-spinner\" style=\"display: none;\" width=\"26\" height=\"26\" alt=\"Na\u010d\u00edt\u00e1n\u00ed\"><\/div><\/form><\/div>  <!-- .wpforms-container -->\t\t<\/div>\n\t\t\t\t<\/div>\n\t\t<\/div>\t\t\t\t\t<\/div>\n\t\t","protected":false},"excerpt":{"rendered":"<p>Kontakt CZ: +420 602 833 792 +420 602 193 836 CZ: holacdan@seznam.cz zubalikovam@seznam.cz Harrachov 13 512 46 Harrachov<\/p>\n","protected":false},"author":1,"featured_media":0,"parent":0,"menu_order":0,"comment_status":"closed","ping_status":"closed","template":"","meta":{"_monsterinsights_skip_tracking":false,"_monsterinsights_sitenote_active":false,"_monsterinsights_sitenote_note":"","_monsterinsights_sitenote_category":0,"footnotes":""},"class_list":["post-555","page","type-page","status-publish","hentry"],"yoast_head":"<!-- This site is optimized with the Yoast SEO plugin v15.8 - https:\/\/yoast.com\/wordpress\/plugins\/seo\/ -->\n<title>Kontakt - Chata u Smrku<\/title>\n<meta name=\"robots\" content=\"noindex, follow, max-snippet:-1, max-image-preview:large, max-video-preview:-1\" \/>\n<meta property=\"og:locale\" content=\"cs_CZ\" \/>\n<meta property=\"og:type\" content=\"article\" \/>\n<meta property=\"og:title\" content=\"Kontakt - Chata u Smrku\" \/>\n<meta property=\"og:description\" content=\"Kontakt CZ: +420 602 833 792 +420 602 193 836 CZ: holacdan@seznam.cz zubalikovam@seznam.cz Harrachov 13 512 46 Harrachov\" \/>\n<meta property=\"og:url\" content=\"https:\/\/harrachov.ubytkoholecek.eu\/?page_id=555\" \/>\n<meta property=\"og:site_name\" content=\"Chata u Smrku\" \/>\n<meta property=\"article:modified_time\" content=\"2022-09-21T09:11:41+00:00\" \/>\n<meta name=\"twitter:card\" content=\"summary_large_image\" \/>\n<meta name=\"twitter:label1\" content=\"Odhadovan\u00e1 doba \u010dten\u00ed\">\n\t<meta name=\"twitter:data1\" content=\"1 minuta\">\n<script type=\"application\/ld+json\" class=\"yoast-schema-graph\">{\"@context\":\"https:\/\/schema.org\",\"@graph\":[{\"@type\":\"WebSite\",\"@id\":\"https:\/\/harrachov.ubytkoholecek.eu\/#website\",\"url\":\"https:\/\/harrachov.ubytkoholecek.eu\/\",\"name\":\"Chata u Smrku\",\"description\":\"Ubytov\\u00e1n\\u00ed v Harrachov\\u011b, chata u Smrku, Ly\\u017ea\\u0159sk\\u00e9 st\\u0159edisko, ubytov\\u00e1n\\u00ed v hor\\u00e1ch, levn\\u00fd pobyt, \",\"potentialAction\":[{\"@type\":\"SearchAction\",\"target\":\"https:\/\/harrachov.ubytkoholecek.eu\/?s={search_term_string}\",\"query-input\":\"required name=search_term_string\"}],\"inLanguage\":\"cs\"},{\"@type\":\"WebPage\",\"@id\":\"https:\/\/harrachov.ubytkoholecek.eu\/?page_id=555#webpage\",\"url\":\"https:\/\/harrachov.ubytkoholecek.eu\/?page_id=555\",\"name\":\"Kontakt - Chata u Smrku\",\"isPartOf\":{\"@id\":\"https:\/\/harrachov.ubytkoholecek.eu\/#website\"},\"datePublished\":\"2022-09-07T10:39:39+00:00\",\"dateModified\":\"2022-09-21T09:11:41+00:00\",\"breadcrumb\":{\"@id\":\"https:\/\/harrachov.ubytkoholecek.eu\/?page_id=555#breadcrumb\"},\"inLanguage\":\"cs\",\"potentialAction\":[{\"@type\":\"ReadAction\",\"target\":[\"https:\/\/harrachov.ubytkoholecek.eu\/?page_id=555\"]}]},{\"@type\":\"BreadcrumbList\",\"@id\":\"https:\/\/harrachov.ubytkoholecek.eu\/?page_id=555#breadcrumb\",\"itemListElement\":[{\"@type\":\"ListItem\",\"position\":1,\"item\":{\"@type\":\"WebPage\",\"@id\":\"https:\/\/harrachov.ubytkoholecek.eu\/\",\"url\":\"https:\/\/harrachov.ubytkoholecek.eu\/\",\"name\":\"Dom\\u016f\"}},{\"@type\":\"ListItem\",\"position\":2,\"item\":{\"@type\":\"WebPage\",\"@id\":\"https:\/\/harrachov.ubytkoholecek.eu\/?page_id=555\",\"url\":\"https:\/\/harrachov.ubytkoholecek.eu\/?page_id=555\",\"name\":\"Kontakt\"}}]}]}<\/script>\n<!-- \/ Yoast SEO plugin. -->","_links":{"self":[{"href":"https:\/\/harrachov.ubytkoholecek.eu\/index.php?rest_route=\/wp\/v2\/pages\/555","targetHints":{"allow":["GET"]}}],"collection":[{"href":"https:\/\/harrachov.ubytkoholecek.eu\/index.php?rest_route=\/wp\/v2\/pages"}],"about":[{"href":"https:\/\/harrachov.ubytkoholecek.eu\/index.php?rest_route=\/wp\/v2\/types\/page"}],"author":[{"embeddable":true,"href":"https:\/\/harrachov.ubytkoholecek.eu\/index.php?rest_route=\/wp\/v2\/users\/1"}],"replies":[{"embeddable":true,"href":"https:\/\/harrachov.ubytkoholecek.eu\/index.php?rest_route=%2Fwp%2Fv2%2Fcomments&post=555"}],"version-history":[{"count":25,"href":"https:\/\/harrachov.ubytkoholecek.eu\/index.php?rest_route=\/wp\/v2\/pages\/555\/revisions"}],"predecessor-version":[{"id":1095,"href":"https:\/\/harrachov.ubytkoholecek.eu\/index.php?rest_route=\/wp\/v2\/pages\/555\/revisions\/1095"}],"wp:attachment":[{"href":"https:\/\/harrachov.ubytkoholecek.eu\/index.php?rest_route=%2Fwp%2Fv2%2Fmedia&parent=555"}],"curies":[{"name":"wp","href":"https:\/\/api.w.org\/{rel}","templated":true}]}}